{"id":288,"date":"2017-12-08T17:01:36","date_gmt":"2017-12-08T17:01:36","guid":{"rendered":"http:\/\/masia.vascoweb.biz\/?page_id=288"},"modified":"2017-12-08T17:07:21","modified_gmt":"2017-12-08T17:07:21","slug":"chantal-laberge","status":"publish","type":"page","link":"https:\/\/masia.vascoweb.biz\/en\/chantal-laberge\/","title":{"rendered":"Chantal Laberge"},"content":{"rendered":"<div class=\"wpb-content-wrapper\"><p>[vc_row][vc_column width=&#8221;1\/4&#8243;][vc_single_image image=&#8221;108&#8243; alignment=&#8221;center&#8221; onclick=&#8221;zoom&#8221;][vc_column_text]<\/p>\n<h4 style=\"text-align: center;\">Financial Expert and Corporate Director<\/h4>\n<p>[\/vc_column_text][\/vc_column][vc_column width=&#8221;3\/4&#8243;][vc_column_text]Gestionnaire chevronn\u00e9e, Chantal Laberge compte plus de trente ann\u00e9es d\u2019exp\u00e9rience dans le domaine de financement et de placement priv\u00e9, ayant oeuvr\u00e9 aupr\u00e8s d\u2019entreprises en expansion ou en redressement dans une multitude de secteurs.<br \/>\nDepuis 2010, Mme Laberge est administratrice de soci\u00e9t\u00e9s et consultante en gestion, accompagnant les directions d\u2019entreprise dans des contextes de d\u00e9veloppement strat\u00e9gique, d\u2019investissement, de gestion de risques et de mise en place de gouvernance.<br \/>\nMme Laberge est comptable professionnelle agr\u00e9\u00e9e membre de l\u2019Ordre des CPA du Qu\u00e9bec et administrateur certifi\u00e9 de l\u2019Institut des administrateurs de soci\u00e9t\u00e9s (McGill-Rotman).<br \/>\nMme Laberge entretient de nombreuses relations de confiance multidisciplinaires et transfrontalie\u0300res. Elle est reconnue pour son solide jugement d\u2019affaires, sa pense\u0301e strate\u0301gique, son sens analytique, son ouverture d\u2019esprit, sa volonte\u0301 de cre\u0301er de la valeur et sa capacite\u0301 de concilier des points de vue divergents[\/vc_column_text][vc_column_text]<a class=\"social-icon si-rounded si-small si-linkedin\" href=\"https:\/\/www.linkedin.com\/in\/chantal-laberge-cpa-ca-icd-d-b9a470\/\"><br \/>\n<i class=\"icon-linkedin\" style=\"top: -30px;\"><\/i><br \/>\n<i class=\"icon-linkedin\"><\/i><br \/>\n<\/a>[\/vc_column_text][\/vc_column][\/vc_row]<\/p>\n<\/div>","protected":false},"excerpt":{"rendered":"<p>[vc_row][vc_column width=&#8221;1\/4&#8243;][vc_single_image image=&#8221;108&#8243; alignment=&#8221;center&#8221; onclick=&#8221;zoom&#8221;][vc_column_text] Financial Expert and Corporate Director [\/vc_column_text][\/vc_column][vc_column width=&#8221;3\/4&#8243;][vc_column_text]Gestionnaire chevronn\u00e9e, Chantal Laberge compte plus de trente ann\u00e9es d\u2019exp\u00e9rience dans le domaine de financement et de placement priv\u00e9, ayant oeuvr\u00e9 aupr\u00e8s d\u2019entreprises en expansion ou en redressement dans une multitude de secteurs. Depuis 2010, Mme Laberge est administratrice de soci\u00e9t\u00e9s et consultante en &hellip; <\/p>\n<p class=\"link-more\"><a href=\"https:\/\/masia.vascoweb.biz\/en\/chantal-laberge\/\" class=\"more-link\">Continue reading<span class=\"screen-reader-text\"> &#8220;Chantal Laberge&#8221;<\/span><\/a><\/p>\n","protected":false},"author":2,"featured_media":0,"parent":0,"menu_order":0,"comment_status":"closed","ping_status":"closed","template":"masia_team_member.en.php","meta":{"_exactmetrics_skip_tracking":false,"_exactmetrics_sitenote_active":false,"_exactmetrics_sitenote_note":"","_exactmetrics_sitenote_category":0,"footnotes":""},"class_list":["post-288","page","type-page","status-publish","hentry"],"aioseo_notices":[],"_links":{"self":[{"href":"https:\/\/masia.vascoweb.biz\/en\/wp-json\/wp\/v2\/pages\/288","targetHints":{"allow":["GET"]}}],"collection":[{"href":"https:\/\/masia.vascoweb.biz\/en\/wp-json\/wp\/v2\/pages"}],"about":[{"href":"https:\/\/masia.vascoweb.biz\/en\/wp-json\/wp\/v2\/types\/page"}],"author":[{"embeddable":true,"href":"https:\/\/masia.vascoweb.biz\/en\/wp-json\/wp\/v2\/users\/2"}],"replies":[{"embeddable":true,"href":"https:\/\/masia.vascoweb.biz\/en\/wp-json\/wp\/v2\/comments?post=288"}],"version-history":[{"count":1,"href":"https:\/\/masia.vascoweb.biz\/en\/wp-json\/wp\/v2\/pages\/288\/revisions"}],"predecessor-version":[{"id":289,"href":"https:\/\/masia.vascoweb.biz\/en\/wp-json\/wp\/v2\/pages\/288\/revisions\/289"}],"wp:attachment":[{"href":"https:\/\/masia.vascoweb.biz\/en\/wp-json\/wp\/v2\/media?parent=288"}],"curies":[{"name":"wp","href":"https:\/\/api.w.org\/{rel}","templated":true}]}}