{"id":290,"date":"2017-12-08T17:02:54","date_gmt":"2017-12-08T17:02:54","guid":{"rendered":"http:\/\/masia.vascoweb.biz\/?page_id=290"},"modified":"2017-12-08T17:07:16","modified_gmt":"2017-12-08T17:07:16","slug":"lucie-tanguay","status":"publish","type":"page","link":"https:\/\/masia.vascoweb.biz\/en\/lucie-tanguay\/","title":{"rendered":"Lucie Tanguay"},"content":{"rendered":"<div class=\"wpb-content-wrapper\"><p>[vc_row][vc_column width=&#8221;1\/4&#8243;][vc_single_image image=&#8221;110&#8243; alignment=&#8221;center&#8221; onclick=&#8221;zoom&#8221;][vc_column_text]<\/p>\n<h4 style=\"text-align: center;\">Development and Management Expert<\/h4>\n<p>[\/vc_column_text][\/vc_column][vc_column width=&#8221;3\/4&#8243;][vc_column_text]Disposant d\u2019une impressionnante feuille de route en d\u00e9veloppement et gestion de portefeuilles de marques, en recherche aupr\u00e8s des consommateurs et en planification strat\u00e9gique, Lucie est reconnue pour son esprit d\u2019analyse, sa cr\u00e9ativit\u00e9 strat\u00e9gique et sa capacit\u00e9 de synth\u00e8se.\u2028\u2028 Dipl\u00f4m\u00e9e de McGill avec une sp\u00e9cialisation en marketing et m\u00e9thodes quantitatives, son exp\u00e9rience concr\u00e8te en direction et gestion de marques pour le compte de grandes compagnies de biens de consommation lui permet de concilier efficacement les tendances de march\u00e9 et besoins des utilisateurs avec les forces vives des marques et organisations, pour cr\u00e9er des strat\u00e9gies gagnantes et pragmatiques.\u2028\u2028 Au fil des ann\u00e9es, elle a particip\u00e9 \u00e0 l\u2019\u00e9volution et \u00e0 la croissance d\u2019entreprises, associations et organismes de renom, dont Molson, la R\u00e9gie des alcools de l\u2019Ontario (LCBO), Boulangerie St-M\u00e9thode, Desjardins, St-Hubert, Garant, le R\u00e9seau de transport m\u00e9tropolitain, la F\u00e9d\u00e9ration des producteurs ac\u00e9ricoles du Qu\u00e9bec, la Fondation du CHU Sainte-Justine, le Y des Femmes et plusieurs autres.[\/vc_column_text][vc_column_text]<\/p>\n<p><a class=\"social-icon si-rounded si-small si-linkedin\" href=\"https:\/\/ca.linkedin.com\/in\/lucie-tanguay-0103a314\"><br \/>\n<i class=\"icon-linkedin\" style=\"top: -30px;\"><\/i><br \/>\n<i class=\"icon-linkedin\"><\/i><br \/>\n<\/a><br \/>\n[\/vc_column_text][\/vc_column][\/vc_row]<\/p>\n<\/div>","protected":false},"excerpt":{"rendered":"<p>[vc_row][vc_column width=&#8221;1\/4&#8243;][vc_single_image image=&#8221;110&#8243; alignment=&#8221;center&#8221; onclick=&#8221;zoom&#8221;][vc_column_text] Development and Management Expert [\/vc_column_text][\/vc_column][vc_column width=&#8221;3\/4&#8243;][vc_column_text]Disposant d\u2019une impressionnante feuille de route en d\u00e9veloppement et gestion de portefeuilles de marques, en recherche aupr\u00e8s des consommateurs et en planification strat\u00e9gique, Lucie est reconnue pour son esprit d\u2019analyse, sa cr\u00e9ativit\u00e9 strat\u00e9gique et sa capacit\u00e9 de synth\u00e8se.\u2028\u2028 Dipl\u00f4m\u00e9e de McGill avec une sp\u00e9cialisation en &hellip; <\/p>\n<p class=\"link-more\"><a href=\"https:\/\/masia.vascoweb.biz\/en\/lucie-tanguay\/\" class=\"more-link\">Continue reading<span class=\"screen-reader-text\"> &#8220;Lucie Tanguay&#8221;<\/span><\/a><\/p>\n","protected":false},"author":2,"featured_media":0,"parent":0,"menu_order":0,"comment_status":"closed","ping_status":"closed","template":"masia_team_member.en.php","meta":{"_exactmetrics_skip_tracking":false,"_exactmetrics_sitenote_active":false,"_exactmetrics_sitenote_note":"","_exactmetrics_sitenote_category":0,"footnotes":""},"class_list":["post-290","page","type-page","status-publish","hentry"],"aioseo_notices":[],"_links":{"self":[{"href":"https:\/\/masia.vascoweb.biz\/en\/wp-json\/wp\/v2\/pages\/290","targetHints":{"allow":["GET"]}}],"collection":[{"href":"https:\/\/masia.vascoweb.biz\/en\/wp-json\/wp\/v2\/pages"}],"about":[{"href":"https:\/\/masia.vascoweb.biz\/en\/wp-json\/wp\/v2\/types\/page"}],"author":[{"embeddable":true,"href":"https:\/\/masia.vascoweb.biz\/en\/wp-json\/wp\/v2\/users\/2"}],"replies":[{"embeddable":true,"href":"https:\/\/masia.vascoweb.biz\/en\/wp-json\/wp\/v2\/comments?post=290"}],"version-history":[{"count":1,"href":"https:\/\/masia.vascoweb.biz\/en\/wp-json\/wp\/v2\/pages\/290\/revisions"}],"predecessor-version":[{"id":294,"href":"https:\/\/masia.vascoweb.biz\/en\/wp-json\/wp\/v2\/pages\/290\/revisions\/294"}],"wp:attachment":[{"href":"https:\/\/masia.vascoweb.biz\/en\/wp-json\/wp\/v2\/media?parent=290"}],"curies":[{"name":"wp","href":"https:\/\/api.w.org\/{rel}","templated":true}]}}