{"id":291,"date":"2017-12-08T17:03:26","date_gmt":"2017-12-08T17:03:26","guid":{"rendered":"http:\/\/masia.vascoweb.biz\/?page_id=291"},"modified":"2017-12-08T17:06:35","modified_gmt":"2017-12-08T17:06:35","slug":"micheline-richer","status":"publish","type":"page","link":"https:\/\/masia.vascoweb.biz\/en\/micheline-richer\/","title":{"rendered":"Micheline Richer"},"content":{"rendered":"<div class=\"wpb-content-wrapper\"><p>[vc_row][vc_column width=&#8221;1\/4&#8243;][vc_single_image image=&#8221;203&#8243; alignment=&#8221;center&#8221; onclick=&#8221;zoom&#8221;][vc_column_text]<\/p>\n<h4 style=\"text-align: center;\">Executive Coach<\/h4>\n<p>[\/vc_column_text][\/vc_column][vc_column width=&#8221;3\/4&#8243;][vc_column_text]Micheline Richer travaille avec et pour les organisations sans but lucratif \u00e0 l\u2019actualisation de leur mission en soutenant le d\u00e9veloppement de leurs potentialit\u00e9s.\u00a0\u00a0 Elle agit en tant qu\u2019administratrice, coach ex\u00e9cutif, formatrice, agente de d\u00e9veloppement, agente de transformation.<\/p>\n<p>D\u00e9tenant une solide expertise dans le domaine des services aux personnes, de la gestion et de l\u2019enseignement universitaire aupr\u00e8s des adultes, elle aide les organismes \u00e0 cerner les besoins \u00e9volutifs de leur(s) client\u00e8le(s) afin d\u2019assurer l\u2019ad\u00e9quation de leur strat\u00e9gie de d\u00e9veloppement et de maintenir leur positionnement. Elle s\u2019assure d\u2019une coh\u00e9rence forte et efficiente entre les dimensions strat\u00e9gique, tactique et op\u00e9rationnelle. Elle soutient le d\u00e9veloppement des comp\u00e9tences du personnel dans une perspective d\u2019organisation apprenante.<\/p>\n<p>Elle est reconnue pour son \u00e9coute empathique profonde, son approche collaboratrice bas\u00e9e sur le d\u00e9veloppement d\u2019une vision partag\u00e9e, sa capacit\u00e9 de saisir rapidement les enjeux des environnements complexes pour r\u00e9aliser des analyses et des synth\u00e8ses pragmatiques. Elle d\u00e9tient une ma\u00eetrise en \u00e9ducation, une formation en gestion, en coaching et elle anime des cercles de coaching.[\/vc_column_text][vc_column_text]<a class=\"social-icon si-rounded si-small si-linkedin\" href=\"https:\/\/www.linkedin.com\/in\/micheline-richer-0baa3364\/\"><br \/>\n<i class=\"icon-linkedin\" style=\"top: -30px;\"><\/i><br \/>\n<i class=\"icon-linkedin\"><\/i><br \/>\n<\/a>[\/vc_column_text][\/vc_column][\/vc_row]<\/p>\n<\/div>","protected":false},"excerpt":{"rendered":"<p>[vc_row][vc_column width=&#8221;1\/4&#8243;][vc_single_image image=&#8221;203&#8243; alignment=&#8221;center&#8221; onclick=&#8221;zoom&#8221;][vc_column_text] Executive Coach [\/vc_column_text][\/vc_column][vc_column width=&#8221;3\/4&#8243;][vc_column_text]Micheline Richer travaille avec et pour les organisations sans but lucratif \u00e0 l\u2019actualisation de leur mission en soutenant le d\u00e9veloppement de leurs potentialit\u00e9s.\u00a0\u00a0 Elle agit en tant qu\u2019administratrice, coach ex\u00e9cutif, formatrice, agente de d\u00e9veloppement, agente de transformation. D\u00e9tenant une solide expertise dans le domaine des services aux &hellip; <\/p>\n<p class=\"link-more\"><a href=\"https:\/\/masia.vascoweb.biz\/en\/micheline-richer\/\" class=\"more-link\">Continue reading<span class=\"screen-reader-text\"> &#8220;Micheline Richer&#8221;<\/span><\/a><\/p>\n","protected":false},"author":2,"featured_media":0,"parent":0,"menu_order":0,"comment_status":"closed","ping_status":"closed","template":"masia_team_member.en.php","meta":{"_exactmetrics_skip_tracking":false,"_exactmetrics_sitenote_active":false,"_exactmetrics_sitenote_note":"","_exactmetrics_sitenote_category":0,"footnotes":""},"class_list":["post-291","page","type-page","status-publish","hentry"],"aioseo_notices":[],"_links":{"self":[{"href":"https:\/\/masia.vascoweb.biz\/en\/wp-json\/wp\/v2\/pages\/291","targetHints":{"allow":["GET"]}}],"collection":[{"href":"https:\/\/masia.vascoweb.biz\/en\/wp-json\/wp\/v2\/pages"}],"about":[{"href":"https:\/\/masia.vascoweb.biz\/en\/wp-json\/wp\/v2\/types\/page"}],"author":[{"embeddable":true,"href":"https:\/\/masia.vascoweb.biz\/en\/wp-json\/wp\/v2\/users\/2"}],"replies":[{"embeddable":true,"href":"https:\/\/masia.vascoweb.biz\/en\/wp-json\/wp\/v2\/comments?post=291"}],"version-history":[{"count":1,"href":"https:\/\/masia.vascoweb.biz\/en\/wp-json\/wp\/v2\/pages\/291\/revisions"}],"predecessor-version":[{"id":295,"href":"https:\/\/masia.vascoweb.biz\/en\/wp-json\/wp\/v2\/pages\/291\/revisions\/295"}],"wp:attachment":[{"href":"https:\/\/masia.vascoweb.biz\/en\/wp-json\/wp\/v2\/media?parent=291"}],"curies":[{"name":"wp","href":"https:\/\/api.w.org\/{rel}","templated":true}]}}