{"id":292,"date":"2017-12-08T17:03:54","date_gmt":"2017-12-08T17:03:54","guid":{"rendered":"http:\/\/masia.vascoweb.biz\/?page_id=292"},"modified":"2017-12-08T17:07:27","modified_gmt":"2017-12-08T17:07:27","slug":"simon-vinh-mercier-nguyen","status":"publish","type":"page","link":"https:\/\/masia.vascoweb.biz\/en\/simon-vinh-mercier-nguyen\/","title":{"rendered":"Simon Vinh Mercier-Nguyen"},"content":{"rendered":"<div class=\"wpb-content-wrapper\"><p>[vc_row][vc_column width=&#8221;1\/4&#8243;][vc_single_image image=&#8221;114&#8243; alignment=&#8221;center&#8221; onclick=&#8221;zoom&#8221;][vc_column_text]<\/p>\n<h4 style=\"text-align: center;\">Design Strategist and Service Design Consultant<\/h4>\n<p>[\/vc_column_text][\/vc_column][vc_column width=&#8221;3\/4&#8243;][vc_column_text]Simon Vinh, strat\u00e8ge et designer de service sp\u00e9cialis\u00e9 en analyse syst\u00e9mique de contextes complexes.<\/p>\n<p><a href=\"https:\/\/www.simonvinh.com\/\">https:\/\/www.simonvinh.com\/<\/a>[\/vc_column_text][vc_column_text]<a class=\"social-icon si-rounded si-small si-linkedin\" href=\"https:\/\/www.linkedin.com\/in\/simonmerciernguyen\/\"><br \/>\n<i class=\"icon-linkedin\" style=\"top: -30px;\"><\/i><br \/>\n<i class=\"icon-linkedin\"><\/i><br \/>\n<\/a>[\/vc_column_text][\/vc_column][\/vc_row]<\/p>\n<\/div>","protected":false},"excerpt":{"rendered":"<p>[vc_row][vc_column width=&#8221;1\/4&#8243;][vc_single_image image=&#8221;114&#8243; alignment=&#8221;center&#8221; onclick=&#8221;zoom&#8221;][vc_column_text] Design Strategist and Service Design Consultant [\/vc_column_text][\/vc_column][vc_column width=&#8221;3\/4&#8243;][vc_column_text]Simon Vinh, strat\u00e8ge et designer de service sp\u00e9cialis\u00e9 en analyse syst\u00e9mique de contextes complexes. https:\/\/www.simonvinh.com\/[\/vc_column_text][vc_column_text] [\/vc_column_text][\/vc_column][\/vc_row]<\/p>\n","protected":false},"author":2,"featured_media":0,"parent":0,"menu_order":0,"comment_status":"closed","ping_status":"closed","template":"masia_team_member.en.php","meta":{"_exactmetrics_skip_tracking":false,"_exactmetrics_sitenote_active":false,"_exactmetrics_sitenote_note":"","_exactmetrics_sitenote_category":0,"footnotes":""},"class_list":["post-292","page","type-page","status-publish","hentry"],"aioseo_notices":[],"_links":{"self":[{"href":"https:\/\/masia.vascoweb.biz\/en\/wp-json\/wp\/v2\/pages\/292","targetHints":{"allow":["GET"]}}],"collection":[{"href":"https:\/\/masia.vascoweb.biz\/en\/wp-json\/wp\/v2\/pages"}],"about":[{"href":"https:\/\/masia.vascoweb.biz\/en\/wp-json\/wp\/v2\/types\/page"}],"author":[{"embeddable":true,"href":"https:\/\/masia.vascoweb.biz\/en\/wp-json\/wp\/v2\/users\/2"}],"replies":[{"embeddable":true,"href":"https:\/\/masia.vascoweb.biz\/en\/wp-json\/wp\/v2\/comments?post=292"}],"version-history":[{"count":1,"href":"https:\/\/masia.vascoweb.biz\/en\/wp-json\/wp\/v2\/pages\/292\/revisions"}],"predecessor-version":[{"id":296,"href":"https:\/\/masia.vascoweb.biz\/en\/wp-json\/wp\/v2\/pages\/292\/revisions\/296"}],"wp:attachment":[{"href":"https:\/\/masia.vascoweb.biz\/en\/wp-json\/wp\/v2\/media?parent=292"}],"curies":[{"name":"wp","href":"https:\/\/api.w.org\/{rel}","templated":true}]}}