{"id":293,"date":"2017-12-08T17:04:31","date_gmt":"2017-12-08T17:04:31","guid":{"rendered":"http:\/\/masia.vascoweb.biz\/?page_id=293"},"modified":"2017-12-08T17:07:33","modified_gmt":"2017-12-08T17:07:33","slug":"sylvie-mercier","status":"publish","type":"page","link":"https:\/\/masia.vascoweb.biz\/en\/sylvie-mercier\/","title":{"rendered":"Sylvie Mercier"},"content":{"rendered":"<div class=\"wpb-content-wrapper\"><p>[vc_row][vc_column width=&#8221;1\/4&#8243;][vc_single_image image=&#8221;113&#8243; alignment=&#8221;center&#8221; onclick=&#8221;zoom&#8221;][vc_column_text]<\/p>\n<h4 style=\"text-align: center;\">Founding Partner<\/h4>\n<p>[\/vc_column_text][\/vc_column][vc_column width=&#8221;3\/4&#8243;][vc_column_text]\u00c9conomiste, Administrateur de soci\u00e9t\u00e9 certifi\u00e9e &#8211; ASC et Coach en d\u00e9veloppement certifi\u00e9e, membre ICF, Sylvie a occup\u00e9 des fonctions de direction ex\u00e9cutive, de consultante, de formatrice et de coach strat\u00e9gique.<\/p>\n<p>Au cours des 30 derni\u00e8res ann\u00e9es, elle a \u0153uvr\u00e9 dans des environnements complexes impliquant de multiples parties prenantes, aux c\u00f4t\u00e9s et au service de leaders d\u2019entreprises multinationales, de soci\u00e9t\u00e9s gouvernementales ou d\u2019organisations innovantes agissant dans une multitude de secteurs allant de la sant\u00e9, aux nouveaux m\u00e9dia, en passant par la finance et l\u2019investissement international, le d\u00e9veloppement \u00e9conomique ou la philanthropie. Sylvie a la confiance des leaders pour qui elle d\u00e9ploie l\u2019ensemble de ses comp\u00e9tences, expertises et r\u00e9seaux pour valoriser et d\u00e9velopper leur leadership int\u00e9gral.<\/p>\n<p>Administrateur de soci\u00e9t\u00e9 gradu\u00e9e du Coll\u00e8ge des administrateurs de soci\u00e9t\u00e9 (CAS) de l\u2019Universit\u00e9 Laval, elle si\u00e8ge sur le Conseil de la Commission de la construction du Qu\u00e9bec, de la Chambre d\u2019assurances de dommages. Elle collabore au programme de certification du CAS ou agit comme conf\u00e9renci\u00e8re invit\u00e9e sur les th\u00e8mes de la gouvernance de cr\u00e9ation de valeur et de la gouvernance de l\u2019innovation. Elle a pr\u00e9sid\u00e9 les comit\u00e9s de vigilance et qualit\u00e9, de recherche et de r\u00e9vision au CA de l\u2019H\u00f4pital Maisonneuve Rosemont et pr\u00e9sid\u00e9 le Conseil du YWCA-Y des femmes de Montr\u00e9al. Elle est membre du Forum International des femmes depuis 1997.<\/p>\n<p>Sylvie a \u00e9t\u00e9 reconnue par la revue Premi\u00e8res en affaires comme une des 8 femmes incontournables de la gouvernance.[\/vc_column_text][vc_column_text]<a class=\"social-icon si-rounded si-small si-linkedin\" href=\"https:\/\/www.linkedin.com\/in\/sylviegroupemasia\/\"><br \/>\n<i class=\"icon-linkedin\" style=\"top: -30px;\"><\/i><br \/>\n<i class=\"icon-linkedin\"><\/i><br \/>\n<\/a><\/p>\n<p>[\/vc_column_text][\/vc_column][\/vc_row]<\/p>\n<\/div>","protected":false},"excerpt":{"rendered":"<p>[vc_row][vc_column width=&#8221;1\/4&#8243;][vc_single_image image=&#8221;113&#8243; alignment=&#8221;center&#8221; onclick=&#8221;zoom&#8221;][vc_column_text] Founding Partner [\/vc_column_text][\/vc_column][vc_column width=&#8221;3\/4&#8243;][vc_column_text]\u00c9conomiste, Administrateur de soci\u00e9t\u00e9 certifi\u00e9e &#8211; ASC et Coach en d\u00e9veloppement certifi\u00e9e, membre ICF, Sylvie a occup\u00e9 des fonctions de direction ex\u00e9cutive, de consultante, de formatrice et de coach strat\u00e9gique. Au cours des 30 derni\u00e8res ann\u00e9es, elle a \u0153uvr\u00e9 dans des environnements complexes impliquant de multiples parties &hellip; <\/p>\n<p class=\"link-more\"><a href=\"https:\/\/masia.vascoweb.biz\/en\/sylvie-mercier\/\" class=\"more-link\">Continue reading<span class=\"screen-reader-text\"> &#8220;Sylvie Mercier&#8221;<\/span><\/a><\/p>\n","protected":false},"author":2,"featured_media":0,"parent":0,"menu_order":0,"comment_status":"closed","ping_status":"closed","template":"masia_team_member.en.php","meta":{"_exactmetrics_skip_tracking":false,"_exactmetrics_sitenote_active":false,"_exactmetrics_sitenote_note":"","_exactmetrics_sitenote_category":0,"footnotes":""},"class_list":["post-293","page","type-page","status-publish","hentry"],"aioseo_notices":[],"_links":{"self":[{"href":"https:\/\/masia.vascoweb.biz\/en\/wp-json\/wp\/v2\/pages\/293","targetHints":{"allow":["GET"]}}],"collection":[{"href":"https:\/\/masia.vascoweb.biz\/en\/wp-json\/wp\/v2\/pages"}],"about":[{"href":"https:\/\/masia.vascoweb.biz\/en\/wp-json\/wp\/v2\/types\/page"}],"author":[{"embeddable":true,"href":"https:\/\/masia.vascoweb.biz\/en\/wp-json\/wp\/v2\/users\/2"}],"replies":[{"embeddable":true,"href":"https:\/\/masia.vascoweb.biz\/en\/wp-json\/wp\/v2\/comments?post=293"}],"version-history":[{"count":1,"href":"https:\/\/masia.vascoweb.biz\/en\/wp-json\/wp\/v2\/pages\/293\/revisions"}],"predecessor-version":[{"id":297,"href":"https:\/\/masia.vascoweb.biz\/en\/wp-json\/wp\/v2\/pages\/293\/revisions\/297"}],"wp:attachment":[{"href":"https:\/\/masia.vascoweb.biz\/en\/wp-json\/wp\/v2\/media?parent=293"}],"curies":[{"name":"wp","href":"https:\/\/api.w.org\/{rel}","templated":true}]}}