{"id":45,"date":"2017-08-30T18:48:53","date_gmt":"2017-08-30T18:48:53","guid":{"rendered":"http:\/\/masia.vascoweb.biz\/?page_id=45\/"},"modified":"2017-12-08T15:43:07","modified_gmt":"2017-12-08T15:43:07","slug":"services","status":"publish","type":"page","link":"https:\/\/masia.vascoweb.biz\/en\/services\/","title":{"rendered":"SERVICES"},"content":{"rendered":"<div class=\"wpb-content-wrapper\"><p>[vc_row][vc_column][vc_column_text]<\/p>\n<h4><\/h4>\n<h3>Strategic Session<\/h3>\n<p>With a unique mix of coaching, facilitation and consulting, we set the stage for strategic design thinking and decision making. Off-site strategic retreats for Board of Directors and executive teams provide for a unique moment to hold crucial conversations under the skilled support of executive coaches, strategists and experts. Together, we review, question, validate and decide. And most of all, we build an audacious and shared strategic project for the betterment of your organization.<\/p>\n<h4><\/h4>\n<h3>Strategic Planning and Process<\/h3>\n<p>We understand your goals and guide you through an adapted reference process that is true to your corporate values and culture, gives a voice to major stakeholders and facilitate the emergence of a strong consensus. More specifically:<\/p>\n<ul style=\"margin-left: 50px;\">\n<li>We present you with business intelligence that provides strong basis for insights into your strategic framework for the future.<\/li>\n<li>We lead listening tours of key stakeholders, both internal &amp; external, using various methods including interviews, creative workshops and surveys.<\/li>\n<li>We review your organisation\u2019s strategic process, decision-making and governance practices and offer some options for better alignment.<\/li>\n<li>We facilitate key conversations to promote a shared vision, innovative business model and clear objectives.<\/li>\n<li>We articulate a comprehensive strategic plan integrating the resulting consensus to maximize engagement and encourage deployment.<\/li>\n<\/ul>\n<h4><\/h4>\n<h3>Strategic and Executive Coaching<\/h3>\n<p>We support and coach executives and corporate directors with an integral development approach that works toward a mindful, collaborative and performing leadership.<\/p>\n<p>Our holistic approach is enabling and empowering for you and your team when achieving organization\u2019s goals.<\/p>\n<h4><\/h4>\n<h3>Governance<\/h3>\n<p>Work with Board of Directors for enhancing the value added contribution and impact of Board members and generating fruitful collaboration with top management.<\/p>\n<p>Our approach includes a listening tour of Board members and CEO, guided crucial conversations on issues at stake and formal training sessions. Our objective is to help your Board maintain best fiduciary and strategic governance practices while continuing to innovate and generate value.<\/p>\n<h4><\/h4>\n<h3>Who You Are<\/h3>\n<p>Leaders and organisations from either private, public or NFP sectors who are engaged with multiple stakeholders and have an appetite for building together a sustainable and successful future.<\/p>\n<p>You are facing organisational transformation and in maintaining your unique competitive advantages, such as a strong branded culture, an innovative and responsible governance, you wish for professional support.<\/p>\n<h4><\/h4>\n<h3>Who Are We<\/h3>\n<p>Together we are a powerful blend of expertise in economics, strategy, international business development, large scale project management, systemic analysis and service design, governance and executive coaching. We act in a diversity of sectors and activities, whether it be finance and insurance, healthcare, economic development, public transit, launching, transferring and future-proofing businesses or organisational transformation.<\/p>\n<h4><\/h4>\n<h3>Our Collaborators<\/h3>\n<ul style=\"margin-left: 50px;\">\n<li><a href=\"https:\/\/www.cas.ulaval.ca\/\" target=\"_blank\" rel=\"noopener\">Coll\u00e8ge des administrateurs de soci\u00e9t\u00e9<\/a><\/li>\n<li><a href=\"http:\/\/quartierinnovationmontreal.com\/fr\" target=\"_blank\" rel=\"noopener\">Quartier de l\u2019innovation<\/a><\/li>\n<li><a href=\"http:\/\/www.batirente.qc.ca\/\" target=\"_blank\" rel=\"noopener\">B\u00e2tirente<\/a><\/li>\n<li><a href=\"https:\/\/montreal.bixi.com\/\" target=\"_blank\" rel=\"noopener\">Bixi-Montr\u00e9al<\/a><\/li>\n<li><a href=\"https:\/\/www.ouranos.ca\/\" target=\"_blank\" rel=\"noopener\">Ouranos<\/a><\/li>\n<li><a href=\"http:\/\/fondation.polymtl.ca\/\" target=\"_blank\" rel=\"noopener\">Fondation de Polytechnique<\/a><\/li>\n<li><a href=\"http:\/\/fpaq.ca\/\" target=\"_blank\" rel=\"noopener\">F\u00e9d\u00e9ration des producteurs ac\u00e9ricoles du Qu\u00e9bec<\/a><\/li>\n<li><a href=\"http:\/\/ville.montreal.qc.ca\/\" target=\"_blank\" rel=\"noopener\">Ville de Montr\u00e9al<\/a><\/li>\n<li><a href=\"http:\/\/www.chambresf.com\/\" target=\"_blank\" rel=\"noopener\">Chambre de la s\u00e9curit\u00e9 financi\u00e8re<\/a><\/li>\n<li><a href=\"http:\/\/www.cnq.org\/\" target=\"_blank\" rel=\"noopener\">Chambre des notaires du Qu\u00e9bec<\/a><\/li>\n<li><a href=\"https:\/\/danslarue.org\/\" target=\"_blank\" rel=\"noopener\">Dans la rue<\/a><\/li>\n<li><a href=\"https:\/\/www.chusj.org\/fr\/accueil\" target=\"_blank\" rel=\"noopener\">CHU Sainte Justine<\/a><\/li>\n<li><a href=\"http:\/\/www.premieresenaffaires.com\/\" target=\"_blank\" rel=\"noopener\">Premi\u00e8res en affaires<\/a><\/li>\n<li><a href=\"http:\/\/www.hydroquebec.com\/residentiel\/\" target=\"_blank\" rel=\"noopener\">Hydro Qu\u00e9bec<\/a><\/li>\n<li><a href=\"http:\/\/www.ramq.gouv.qc.ca\/fr\/Pages\/accueil.aspx\" target=\"_blank\" rel=\"noopener\">R\u00e9gie d\u2019assurances maladie du Qu\u00e9bec<\/a><\/li>\n<li><a href=\"https:\/\/www.ccq.org\/fr-CA\/Accueil?profil=GrandPublic\" target=\"_blank\" rel=\"noopener\">Commission de la construction du Qu\u00e9bec<\/a><\/li>\n<li><a href=\"http:\/\/www.chad.ca\/fr\" target=\"_blank\" rel=\"noopener\">Chambre d\u2019assurances de dommages<\/a><\/li>\n<li><a href=\"http:\/\/concertationmtl.ca\/\" target=\"_blank\" rel=\"noopener\">Concertation Montr\u00e9al<\/a><\/li>\n<li><a href=\"http:\/\/www.ydesfemmesmtl.org\/\" target=\"_blank\" rel=\"noopener\">YWCA \u2013 Y des femmes de Montr\u00e9al<\/a><\/li>\n<li><a href=\"https:\/\/www.usherbrooke.ca\/ecole-gestion\/\" target=\"_blank\" rel=\"noopener\">\u00c9cole de gestion de l\u2019Universit\u00e9 de Sherbrooke<\/a><\/li>\n<li><a href=\"http:\/\/convivium.com\/coachtraining\/?lang=fr\" target=\"_blank\" rel=\"noopener\">Convivium<\/a><\/li>\n<li><a href=\"http:\/\/italchamber.qc.ca\/?lang=fr\" target=\"_blank\" rel=\"noopener\">Chambre de commerce italienne au Canada<\/a><\/li>\n<\/ul>\n<p>[\/vc_column_text][\/vc_column][\/vc_row]<\/p>\n<\/div>","protected":false},"excerpt":{"rendered":"<p>[vc_row][vc_column][vc_column_text] Strategic Session With a unique mix of coaching, facilitation and consulting, we set the stage for strategic design thinking and decision making. Off-site strategic retreats for Board of Directors and executive teams provide for a unique moment to hold crucial conversations under the skilled support of executive coaches, strategists and experts. Together, we review, &hellip; <\/p>\n<p class=\"link-more\"><a href=\"https:\/\/masia.vascoweb.biz\/en\/services\/\" class=\"more-link\">Continue reading<span class=\"screen-reader-text\"> &#8220;SERVICES&#8221;<\/span><\/a><\/p>\n","protected":false},"author":2,"featured_media":0,"parent":0,"menu_order":0,"comment_status":"closed","ping_status":"closed","template":"masiapageservicesVC.en.php","meta":{"_exactmetrics_skip_tracking":false,"_exactmetrics_sitenote_active":false,"_exactmetrics_sitenote_note":"","_exactmetrics_sitenote_category":0,"footnotes":""},"class_list":["post-45","page","type-page","status-publish","hentry"],"aioseo_notices":[],"_links":{"self":[{"href":"https:\/\/masia.vascoweb.biz\/en\/wp-json\/wp\/v2\/pages\/45","targetHints":{"allow":["GET"]}}],"collection":[{"href":"https:\/\/masia.vascoweb.biz\/en\/wp-json\/wp\/v2\/pages"}],"about":[{"href":"https:\/\/masia.vascoweb.biz\/en\/wp-json\/wp\/v2\/types\/page"}],"author":[{"embeddable":true,"href":"https:\/\/masia.vascoweb.biz\/en\/wp-json\/wp\/v2\/users\/2"}],"replies":[{"embeddable":true,"href":"https:\/\/masia.vascoweb.biz\/en\/wp-json\/wp\/v2\/comments?post=45"}],"version-history":[{"count":3,"href":"https:\/\/masia.vascoweb.biz\/en\/wp-json\/wp\/v2\/pages\/45\/revisions"}],"predecessor-version":[{"id":279,"href":"https:\/\/masia.vascoweb.biz\/en\/wp-json\/wp\/v2\/pages\/45\/revisions\/279"}],"wp:attachment":[{"href":"https:\/\/masia.vascoweb.biz\/en\/wp-json\/wp\/v2\/media?parent=45"}],"curies":[{"name":"wp","href":"https:\/\/api.w.org\/{rel}","templated":true}]}}